{"id":1724,"date":"2020-12-23T10:15:29","date_gmt":"2020-12-23T10:15:29","guid":{"rendered":"http:\/\/18.198.130.42\/?page_id=1724"},"modified":"2020-12-23T17:06:25","modified_gmt":"2020-12-23T17:06:25","slug":"impressum","status":"publish","type":"page","link":"https:\/\/iitf.at\/en\/impressum\/","title":{"rendered":"Imprint"},"content":{"rendered":"<div data-elementor-type=\"wp-page\" data-elementor-id=\"1724\" class=\"elementor elementor-1724\" data-elementor-post-type=\"page\">\n\t\t\t\t\t\t<section class=\"elementor-section elementor-top-section elementor-element elementor-element-1ec532f elementor-section-boxed elementor-section-height-default elementor-section-height-default\" data-id=\"1ec532f\" data-element_type=\"section\" data-e-type=\"section\">\n\t\t\t\t\t\t<div class=\"elementor-container elementor-column-gap-default\">\n\t\t\t\t\t<div class=\"elementor-column elementor-col-100 elementor-top-column elementor-element elementor-element-0e4df89\" data-id=\"0e4df89\" data-element_type=\"column\" data-e-type=\"column\">\n\t\t\t<div class=\"elementor-widget-wrap elementor-element-populated\">\n\t\t\t\t\t\t<div class=\"elementor-element elementor-element-4df668b elementor-widget elementor-widget-heading\" data-id=\"4df668b\" data-element_type=\"widget\" data-e-type=\"widget\" data-widget_type=\"heading.default\">\n\t\t\t\t<div class=\"elementor-widget-container\">\n\t\t\t\t\t<h2 class=\"elementor-heading-title elementor-size-default\">Imprint<\/h2>\t\t\t\t<\/div>\n\t\t\t\t<\/div>\n\t\t\t\t<div class=\"elementor-element elementor-element-23eac50 elementor-widget elementor-widget-text-editor\" data-id=\"23eac50\" data-element_type=\"widget\" data-e-type=\"widget\" data-widget_type=\"text-editor.default\">\n\t\t\t\t<div class=\"elementor-widget-container\">\n\t\t\t\t\t\t\t\t\t<p><strong>Institut f\u00fcr Innovations- und Trendforschung<br \/><\/strong>Kalvarieng\u00fcrtel 67\/3\/11<br \/>8020 Graz<br \/>Vereinsregister: ZVR-Zahl 137513724<br \/>UID Nummer: ATU64389316<\/p><p><strong>LINKS<\/strong><br \/>Despite careful content control, we assume no liability for the content of external links. The content of the linked pages are the sole responsibility of their operators.<\/p><p><strong>COPYRIGHTS<\/strong><br \/>The content of this website is protected by copyright. The provision of content and images from this website on other websites is only permitted with explicit permission. The information contained on this website is created to the best of our knowledge and checked with great care for accuracy. Nevertheless, content and factual errors can not be completely ruled out. The \"Institute for Innovation- und Trend Research\" assumes no guarantee and liability for the accuracy, timeliness and completeness of the information provided. All information is provided without warranty. This also applies to all links to other URLs that are mentioned on the website.<\/p>\t\t\t\t\t\t\t\t<\/div>\n\t\t\t\t<\/div>\n\t\t\t\t\t<\/div>\n\t\t<\/div>\n\t\t\t\t\t<\/div>\n\t\t<\/section>\n\t\t\t\t<\/div>","protected":false},"excerpt":{"rendered":"<p>Impressum Institut f\u00fcr Innovations- und TrendforschungKalvarieng\u00fcrtel 67\/3\/118020 GrazVereinsregister: ZVR-Zahl 137513724UID Nummer: ATU64389316 HAFTUNG F\u00dcR LINKSTrotz sorgf\u00e4ltiger inhaltlicher Kontrolle \u00fcbernehmen wir keine Haftung f\u00fcr die Inhalte externer Links. F\u00fcr den Inhalt der verlinkten Seiten sind ausschlie\u00dflich deren Betreiber verantwortlich. URHEBERRECHTEDer Inhalt dieser Website ist urheberrechtlich gesch\u00fctzt. Die Bereitstellung von Inhalten und Bildmaterial dieser Website auf anderen&hellip;<\/p>","protected":false},"author":4,"featured_media":0,"parent":0,"menu_order":0,"comment_status":"closed","ping_status":"closed","template":"","meta":{"footnotes":""},"class_list":["post-1724","page","type-page","status-publish","hentry"],"_links":{"self":[{"href":"https:\/\/iitf.at\/en\/wp-json\/wp\/v2\/pages\/1724","targetHints":{"allow":["GET"]}}],"collection":[{"href":"https:\/\/iitf.at\/en\/wp-json\/wp\/v2\/pages"}],"about":[{"href":"https:\/\/iitf.at\/en\/wp-json\/wp\/v2\/types\/page"}],"author":[{"embeddable":true,"href":"https:\/\/iitf.at\/en\/wp-json\/wp\/v2\/users\/4"}],"replies":[{"embeddable":true,"href":"https:\/\/iitf.at\/en\/wp-json\/wp\/v2\/comments?post=1724"}],"version-history":[{"count":4,"href":"https:\/\/iitf.at\/en\/wp-json\/wp\/v2\/pages\/1724\/revisions"}],"predecessor-version":[{"id":1893,"href":"https:\/\/iitf.at\/en\/wp-json\/wp\/v2\/pages\/1724\/revisions\/1893"}],"wp:attachment":[{"href":"https:\/\/iitf.at\/en\/wp-json\/wp\/v2\/media?parent=1724"}],"curies":[{"name":"wp","href":"https:\/\/api.w.org\/{rel}","templated":true}]}}