{"id":1716,"date":"2020-12-23T10:14:47","date_gmt":"2020-12-23T10:14:47","guid":{"rendered":"http:\/\/18.198.130.42\/?page_id=1716"},"modified":"2021-01-28T10:20:56","modified_gmt":"2021-01-28T10:20:56","slug":"leistungen","status":"publish","type":"page","link":"https:\/\/iitf.at\/en\/leistungen\/","title":{"rendered":"Services"},"content":{"rendered":"<div data-elementor-type=\"wp-page\" data-elementor-id=\"1716\" class=\"elementor elementor-1716\" data-elementor-post-type=\"page\">\n\t\t\t\t\t\t<section class=\"elementor-section elementor-top-section elementor-element elementor-element-481c33e elementor-section-full_width elementor-section-height-default elementor-section-height-default\" data-id=\"481c33e\" data-element_type=\"section\" data-e-type=\"section\">\n\t\t\t\t\t\t<div class=\"elementor-container elementor-column-gap-no\">\n\t\t\t\t\t<div class=\"elementor-column elementor-col-50 elementor-top-column elementor-element elementor-element-268076d\" data-id=\"268076d\" data-element_type=\"column\" data-e-type=\"column\">\n\t\t\t<div class=\"elementor-widget-wrap elementor-element-populated\">\n\t\t\t\t\t\t<div class=\"elementor-element elementor-element-5eb9366 elementor-widget elementor-widget-heading\" data-id=\"5eb9366\" data-element_type=\"widget\" data-e-type=\"widget\" id=\"training\" data-widget_type=\"heading.default\">\n\t\t\t\t<div class=\"elementor-widget-container\">\n\t\t\t\t\t<h2 class=\"elementor-heading-title elementor-size-default\">WIR MACHEN\nAUSBILDUNG &amp;\nTRAINING<\/h2>\t\t\t\t<\/div>\n\t\t\t\t<\/div>\n\t\t\t\t<div class=\"elementor-element elementor-element-82a812e elementor-widget elementor-widget-text-editor\" data-id=\"82a812e\" data-element_type=\"widget\" data-e-type=\"widget\" data-widget_type=\"text-editor.default\">\n\t\t\t\t<div class=\"elementor-widget-container\">\n\t\t\t\t\t\t\t\t\t<p>Our institute researchers give you didactically high conveys qualitative knowledge. These have teaching experience at Universities and have completed didactic training. The added value for you and your employees is provided by the understandable and practical preparation of scientific content.<br \/>Through the years of research project experience of our institute research we understand the requirements from practice and can very well relate the application to the research results.\nmanufacture.<\/p>\t\t\t\t\t\t\t\t<\/div>\n\t\t\t\t<\/div>\n\t\t\t\t<div class=\"elementor-element elementor-element-cad6c19 elementor-widget elementor-widget-text-editor\" data-id=\"cad6c19\" data-element_type=\"widget\" data-e-type=\"widget\" data-widget_type=\"text-editor.default\">\n\t\t\t\t<div class=\"elementor-widget-container\">\n\t\t\t\t\t\t\t\t\t<p><strong>The training can take place in flexible forms.\nThe basis for this are seminar modules\nto the topics:<\/strong><\/p><ul><li>Innovation Management<\/li><li>Knowledge Management<\/li><li>Value Management<\/li><li>Creativity Techniques<\/li><li>TRIZ<\/li><\/ul><p><strong>Training and further education seminars\ncan occur in two different ways:<\/strong><\/p><ul><li>You contact us with the aim of carrying out a coordinated training in your organization<\/li><li>You will contact us to be included in the list of potential participants for the next possible date<\/li><\/ul>\t\t\t\t\t\t\t\t<\/div>\n\t\t\t\t<\/div>\n\t\t\t\t\t<\/div>\n\t\t<\/div>\n\t\t\t\t<div class=\"elementor-column elementor-col-50 elementor-top-column elementor-element elementor-element-a7862f1\" data-id=\"a7862f1\" data-element_type=\"column\" data-e-type=\"column\">\n\t\t\t<div class=\"elementor-widget-wrap elementor-element-populated\">\n\t\t\t\t\t\t<div class=\"elementor-element elementor-element-5b830ef elementor-widget elementor-widget-image\" data-id=\"5b830ef\" data-element_type=\"widget\" data-e-type=\"widget\" data-widget_type=\"image.default\">\n\t\t\t\t<div class=\"elementor-widget-container\">\n\t\t\t\t\t\t\t\t\t\t\t\t\t\t\t<img fetchpriority=\"high\" decoding=\"async\" width=\"961\" height=\"978\" src=\"https:\/\/iitf.at\/wp-content\/uploads\/2020\/12\/about_start-1.jpg\" class=\"attachment-large size-large wp-image-1840\" alt=\"\" srcset=\"https:\/\/iitf.at\/wp-content\/uploads\/2020\/12\/about_start-1.jpg 961w, https:\/\/iitf.at\/wp-content\/uploads\/2020\/12\/about_start-1-295x300.jpg 295w, https:\/\/iitf.at\/wp-content\/uploads\/2020\/12\/about_start-1-768x782.jpg 768w\" sizes=\"(max-width: 961px) 100vw, 961px\" \/>\t\t\t\t\t\t\t\t\t\t\t\t\t\t\t<\/div>\n\t\t\t\t<\/div>\n\t\t\t\t\t<\/div>\n\t\t<\/div>\n\t\t\t\t\t<\/div>\n\t\t<\/section>\n\t\t\t\t<section class=\"elementor-section elementor-top-section elementor-element elementor-element-5c7e5f2 elementor-section-boxed elementor-section-height-default elementor-section-height-default\" data-id=\"5c7e5f2\" data-element_type=\"section\" data-e-type=\"section\">\n\t\t\t\t\t\t<div class=\"elementor-container elementor-column-gap-default\">\n\t\t\t\t\t<div class=\"elementor-column elementor-col-100 elementor-top-column elementor-element elementor-element-04b2e76\" data-id=\"04b2e76\" data-element_type=\"column\" data-e-type=\"column\">\n\t\t\t<div class=\"elementor-widget-wrap elementor-element-populated\">\n\t\t\t\t\t\t<div class=\"elementor-element elementor-element-d38dd71 elementor-widget-divider--separator-type-pattern elementor-widget-divider--view-line elementor-widget elementor-widget-divider\" data-id=\"d38dd71\" data-element_type=\"widget\" data-e-type=\"widget\" data-widget_type=\"divider.default\">\n\t\t\t\t<div class=\"elementor-widget-container\">\n\t\t\t\t\t\t\t<div class=\"elementor-divider\" style=\"--divider-pattern-url: url(&quot;data:image\/svg+xml,%3Csvg xmlns=&#039;http:\/\/www.w3.org\/2000\/svg&#039; preserveAspectRatio=&#039;none&#039; overflow=&#039;visible&#039; height=&#039;100%&#039; viewBox=&#039;0 0 24 24&#039; fill=&#039;none&#039; stroke=&#039;black&#039; stroke-width=&#039;1&#039; stroke-linecap=&#039;square&#039; stroke-miterlimit=&#039;10&#039;%3E%3Cpath d=&#039;M0,6c6,0,6,13,12,13S18,6,24,6&#039;\/%3E%3C\/svg%3E&quot;);\">\n\t\t\t<span class=\"elementor-divider-separator\">\n\t\t\t\t\t\t<\/span>\n\t\t<\/div>\n\t\t\t\t\t\t<\/div>\n\t\t\t\t<\/div>\n\t\t\t\t\t<\/div>\n\t\t<\/div>\n\t\t\t\t\t<\/div>\n\t\t<\/section>\n\t\t\t\t<section class=\"elementor-section elementor-top-section elementor-element elementor-element-02343f1 elementor-section-full_width elementor-section-height-default elementor-section-height-default\" data-id=\"02343f1\" data-element_type=\"section\" data-e-type=\"section\">\n\t\t\t\t\t\t<div class=\"elementor-container elementor-column-gap-no\">\n\t\t\t\t\t<div class=\"elementor-column elementor-col-50 elementor-top-column elementor-element elementor-element-98d80f8\" data-id=\"98d80f8\" data-element_type=\"column\" data-e-type=\"column\">\n\t\t\t<div class=\"elementor-widget-wrap elementor-element-populated\">\n\t\t\t\t\t\t<div class=\"elementor-element elementor-element-79bf7dc elementor-widget elementor-widget-heading\" data-id=\"79bf7dc\" data-element_type=\"widget\" data-e-type=\"widget\" id=\"management\" data-widget_type=\"heading.default\">\n\t\t\t\t<div class=\"elementor-widget-container\">\n\t\t\t\t\t<h2 class=\"elementor-heading-title elementor-size-default\">WE ARE MAKING VALUE MANAGEMENT<\/h2>\t\t\t\t<\/div>\n\t\t\t\t<\/div>\n\t\t\t\t<div class=\"elementor-element elementor-element-d17d766 elementor-widget elementor-widget-text-editor\" data-id=\"d17d766\" data-element_type=\"widget\" data-e-type=\"widget\" data-widget_type=\"text-editor.default\">\n\t\t\t\t<div class=\"elementor-widget-container\">\n\t\t\t\t\t\t\t\t\t<p>The Institute for Innovation and Trend Research is the official Center for Value Analysis in Austria. It is through DI Dr. techn. Manfred Ninaus at the ETUC (European Governing Board for the European Value Management Training and Certification System) contributes to the further development of training and certification Standards of Value Management.<\/p><p><strong>Aims of Value Management<\/strong><\/p><p>Generating innovations and meeting changing customer needs makes high demands on the efficiency, effectiveness and flexibility of companies, service providers and institutions. It is possible to distinguish between value analysis and value management. The aim of the value analysis methodology is to develop a set of required methods, tools and workflows. provide schemas for the execution of efficiency and innovation projects. The approach here is the concrete project implementation.  The term value management have the holistic consideration of the factors \u201cmethodical approach\u201d, \u201chuman behavioral \u201cleadership styles\u201d and \u201corganizational environment\u201d. The starting point here is the creation of suitable framework conditions for project implementation.<\/p>\t\t\t\t\t\t\t\t<\/div>\n\t\t\t\t<\/div>\n\t\t\t\t\t<\/div>\n\t\t<\/div>\n\t\t\t\t<div class=\"elementor-column elementor-col-50 elementor-top-column elementor-element elementor-element-c5cb783\" data-id=\"c5cb783\" data-element_type=\"column\" data-e-type=\"column\">\n\t\t\t<div class=\"elementor-widget-wrap elementor-element-populated\">\n\t\t\t\t\t\t<div class=\"elementor-element elementor-element-4e460f0 elementor-widget elementor-widget-image\" data-id=\"4e460f0\" data-element_type=\"widget\" data-e-type=\"widget\" data-widget_type=\"image.default\">\n\t\t\t\t<div class=\"elementor-widget-container\">\n\t\t\t\t\t\t\t\t\t\t\t\t\t\t\t<img decoding=\"async\" width=\"1024\" height=\"683\" src=\"https:\/\/iitf.at\/wp-content\/uploads\/2020\/12\/wertanalyse_start1-1024x683.jpg\" class=\"attachment-large size-large wp-image-1643\" alt=\"\" srcset=\"https:\/\/iitf.at\/wp-content\/uploads\/2020\/12\/wertanalyse_start1-1024x683.jpg 1024w, https:\/\/iitf.at\/wp-content\/uploads\/2020\/12\/wertanalyse_start1-300x200.jpg 300w, https:\/\/iitf.at\/wp-content\/uploads\/2020\/12\/wertanalyse_start1-768x512.jpg 768w, https:\/\/iitf.at\/wp-content\/uploads\/2020\/12\/wertanalyse_start1-1536x1024.jpg 1536w, https:\/\/iitf.at\/wp-content\/uploads\/2020\/12\/wertanalyse_start1.jpg 1800w\" sizes=\"(max-width: 1024px) 100vw, 1024px\" \/>\t\t\t\t\t\t\t\t\t\t\t\t\t\t\t<\/div>\n\t\t\t\t<\/div>\n\t\t\t\t\t<\/div>\n\t\t<\/div>\n\t\t\t\t\t<\/div>\n\t\t<\/section>\n\t\t\t\t<section class=\"elementor-section elementor-top-section elementor-element elementor-element-cce3b63 elementor-section-boxed elementor-section-height-default elementor-section-height-default\" data-id=\"cce3b63\" data-element_type=\"section\" data-e-type=\"section\">\n\t\t\t\t\t\t<div class=\"elementor-container elementor-column-gap-default\">\n\t\t\t\t\t<div class=\"elementor-column elementor-col-100 elementor-top-column elementor-element elementor-element-68992c2\" data-id=\"68992c2\" data-element_type=\"column\" data-e-type=\"column\">\n\t\t\t<div class=\"elementor-widget-wrap elementor-element-populated\">\n\t\t\t\t\t\t<div class=\"elementor-element elementor-element-68b1d19 elementor-widget-divider--separator-type-pattern elementor-widget-divider--view-line elementor-widget elementor-widget-divider\" data-id=\"68b1d19\" data-element_type=\"widget\" data-e-type=\"widget\" data-widget_type=\"divider.default\">\n\t\t\t\t<div class=\"elementor-widget-container\">\n\t\t\t\t\t\t\t<div class=\"elementor-divider\" style=\"--divider-pattern-url: url(&quot;data:image\/svg+xml,%3Csvg xmlns=&#039;http:\/\/www.w3.org\/2000\/svg&#039; preserveAspectRatio=&#039;none&#039; overflow=&#039;visible&#039; height=&#039;100%&#039; viewBox=&#039;0 0 24 24&#039; fill=&#039;none&#039; stroke=&#039;black&#039; stroke-width=&#039;1&#039; stroke-linecap=&#039;square&#039; stroke-miterlimit=&#039;10&#039;%3E%3Cpath d=&#039;M0,6c6,0,6,13,12,13S18,6,24,6&#039;\/%3E%3C\/svg%3E&quot;);\">\n\t\t\t<span class=\"elementor-divider-separator\">\n\t\t\t\t\t\t<\/span>\n\t\t<\/div>\n\t\t\t\t\t\t<\/div>\n\t\t\t\t<\/div>\n\t\t\t\t\t<\/div>\n\t\t<\/div>\n\t\t\t\t\t<\/div>\n\t\t<\/section>\n\t\t\t\t<section class=\"elementor-section elementor-top-section elementor-element elementor-element-b473929 elementor-section-full_width elementor-section-height-default elementor-section-height-default\" data-id=\"b473929\" data-element_type=\"section\" data-e-type=\"section\">\n\t\t\t\t\t\t<div class=\"elementor-container elementor-column-gap-no\">\n\t\t\t\t\t<div class=\"elementor-column elementor-col-50 elementor-top-column elementor-element elementor-element-280971b\" data-id=\"280971b\" data-element_type=\"column\" data-e-type=\"column\">\n\t\t\t<div class=\"elementor-widget-wrap elementor-element-populated\">\n\t\t\t\t\t\t<div class=\"elementor-element elementor-element-0e43c92 elementor-widget elementor-widget-heading\" data-id=\"0e43c92\" data-element_type=\"widget\" data-e-type=\"widget\" id=\"studien\" data-widget_type=\"heading.default\">\n\t\t\t\t<div class=\"elementor-widget-container\">\n\t\t\t\t\t<h2 class=\"elementor-heading-title elementor-size-default\">WE ARE MAKING TREND STUDIES<\/h2>\t\t\t\t<\/div>\n\t\t\t\t<\/div>\n\t\t\t\t<div class=\"elementor-element elementor-element-2141e60 elementor-widget elementor-widget-text-editor\" data-id=\"2141e60\" data-element_type=\"widget\" data-e-type=\"widget\" data-widget_type=\"text-editor.default\">\n\t\t\t\t<div class=\"elementor-widget-container\">\n\t\t\t\t\t\t\t\t\t<p>We carry out trend research tailored to your needs and trend studies. The identified trends and future factors are processed that they are directly usable by you as a source of innovation and helping you to discover and create new markets.<\/p><p>We carry out trend research tailored to your needs and trend studies. The identified trends and future factors are processed that they are directly usable by you as a source of innovation and helping you to discover and create new markets.<\/p><p>We carry out trend research tailored to your needs and trend studies. The identified trends and future factors are processed that they are directly usable by you as a source of innovation and helping you to discover and create new markets.<\/p>\t\t\t\t\t\t\t\t<\/div>\n\t\t\t\t<\/div>\n\t\t\t\t\t<\/div>\n\t\t<\/div>\n\t\t\t\t<div class=\"elementor-column elementor-col-50 elementor-top-column elementor-element elementor-element-bbba452\" data-id=\"bbba452\" data-element_type=\"column\" data-e-type=\"column\">\n\t\t\t<div class=\"elementor-widget-wrap elementor-element-populated\">\n\t\t\t\t\t\t<div class=\"elementor-element elementor-element-65140bf elementor-widget elementor-widget-image\" data-id=\"65140bf\" data-element_type=\"widget\" data-e-type=\"widget\" data-widget_type=\"image.default\">\n\t\t\t\t<div class=\"elementor-widget-container\">\n\t\t\t\t\t\t\t\t\t\t\t\t\t\t\t<img decoding=\"async\" width=\"900\" height=\"600\" src=\"https:\/\/iitf.at\/wp-content\/uploads\/2021\/01\/01.jpg\" class=\"attachment-large size-large wp-image-1934\" alt=\"\" srcset=\"https:\/\/iitf.at\/wp-content\/uploads\/2021\/01\/01.jpg 900w, https:\/\/iitf.at\/wp-content\/uploads\/2021\/01\/01-300x200.jpg 300w, https:\/\/iitf.at\/wp-content\/uploads\/2021\/01\/01-768x512.jpg 768w, https:\/\/iitf.at\/wp-content\/uploads\/2021\/01\/01-16x12.jpg 16w\" sizes=\"(max-width: 900px) 100vw, 900px\" \/>\t\t\t\t\t\t\t\t\t\t\t\t\t\t\t<\/div>\n\t\t\t\t<\/div>\n\t\t\t\t\t<\/div>\n\t\t<\/div>\n\t\t\t\t\t<\/div>\n\t\t<\/section>\n\t\t\t\t<section class=\"elementor-section elementor-top-section elementor-element elementor-element-144b6af elementor-section-boxed elementor-section-height-default elementor-section-height-default\" data-id=\"144b6af\" data-element_type=\"section\" data-e-type=\"section\">\n\t\t\t\t\t\t<div class=\"elementor-container elementor-column-gap-default\">\n\t\t\t\t\t<div class=\"elementor-column elementor-col-100 elementor-top-column elementor-element elementor-element-6bc852c\" data-id=\"6bc852c\" data-element_type=\"column\" data-e-type=\"column\">\n\t\t\t<div class=\"elementor-widget-wrap elementor-element-populated\">\n\t\t\t\t\t\t<div class=\"elementor-element elementor-element-ec081b2 elementor-widget-divider--separator-type-pattern elementor-widget-divider--view-line elementor-widget elementor-widget-divider\" data-id=\"ec081b2\" data-element_type=\"widget\" data-e-type=\"widget\" data-widget_type=\"divider.default\">\n\t\t\t\t<div class=\"elementor-widget-container\">\n\t\t\t\t\t\t\t<div class=\"elementor-divider\" style=\"--divider-pattern-url: url(&quot;data:image\/svg+xml,%3Csvg xmlns=&#039;http:\/\/www.w3.org\/2000\/svg&#039; preserveAspectRatio=&#039;none&#039; overflow=&#039;visible&#039; height=&#039;100%&#039; viewBox=&#039;0 0 24 24&#039; fill=&#039;none&#039; stroke=&#039;black&#039; stroke-width=&#039;1&#039; stroke-linecap=&#039;square&#039; stroke-miterlimit=&#039;10&#039;%3E%3Cpath d=&#039;M0,6c6,0,6,13,12,13S18,6,24,6&#039;\/%3E%3C\/svg%3E&quot;);\">\n\t\t\t<span class=\"elementor-divider-separator\">\n\t\t\t\t\t\t<\/span>\n\t\t<\/div>\n\t\t\t\t\t\t<\/div>\n\t\t\t\t<\/div>\n\t\t\t\t\t<\/div>\n\t\t<\/div>\n\t\t\t\t\t<\/div>\n\t\t<\/section>\n\t\t\t\t<section class=\"elementor-section elementor-top-section elementor-element elementor-element-f0f0de8 elementor-section-full_width elementor-section-height-default elementor-section-height-default\" data-id=\"f0f0de8\" data-element_type=\"section\" data-e-type=\"section\">\n\t\t\t\t\t\t<div class=\"elementor-container elementor-column-gap-no\">\n\t\t\t\t\t<div class=\"elementor-column elementor-col-50 elementor-top-column elementor-element elementor-element-716d7e3\" data-id=\"716d7e3\" data-element_type=\"column\" data-e-type=\"column\">\n\t\t\t<div class=\"elementor-widget-wrap elementor-element-populated\">\n\t\t\t\t\t\t<div class=\"elementor-element elementor-element-dc8b3ab elementor-widget elementor-widget-heading\" data-id=\"dc8b3ab\" data-element_type=\"widget\" data-e-type=\"widget\" id=\"ideen\" data-widget_type=\"heading.default\">\n\t\t\t\t<div class=\"elementor-widget-container\">\n\t\t\t\t\t<h2 class=\"elementor-heading-title elementor-size-default\">WE ARE MAKING IDEA STUDIES<\/h2>\t\t\t\t<\/div>\n\t\t\t\t<\/div>\n\t\t\t\t<div class=\"elementor-element elementor-element-ce536cc elementor-widget elementor-widget-text-editor\" data-id=\"ce536cc\" data-element_type=\"widget\" data-e-type=\"widget\" data-widget_type=\"text-editor.default\">\n\t\t\t\t<div class=\"elementor-widget-container\">\n\t\t\t\t\t\t\t\t\t<p>Goal-oriented creativity and ideas are the basis for innovations. We support you in systematically and methodically developing ideas.<br \/>Our team of ideas, consisting of experts for systematic Idea development and creative lateral thinker, provides you with creative Impulse.<\/p><p>We evaluate your ideas and develop them to concepts In feasibility studies, we assess the technical and economic economic feasibility and assist you in the creation of Business plans and implementation concepts.<\/p>\t\t\t\t\t\t\t\t<\/div>\n\t\t\t\t<\/div>\n\t\t\t\t\t<\/div>\n\t\t<\/div>\n\t\t\t\t<div class=\"elementor-column elementor-col-50 elementor-top-column elementor-element elementor-element-3c461e5\" data-id=\"3c461e5\" data-element_type=\"column\" data-e-type=\"column\">\n\t\t\t<div class=\"elementor-widget-wrap elementor-element-populated\">\n\t\t\t\t\t\t<div class=\"elementor-element elementor-element-ddf1505 elementor-widget elementor-widget-image\" data-id=\"ddf1505\" data-element_type=\"widget\" data-e-type=\"widget\" data-widget_type=\"image.default\">\n\t\t\t\t<div class=\"elementor-widget-container\">\n\t\t\t\t\t\t\t\t\t\t\t\t\t\t\t<img loading=\"lazy\" decoding=\"async\" width=\"900\" height=\"600\" src=\"https:\/\/iitf.at\/wp-content\/uploads\/2021\/01\/02.jpg\" class=\"attachment-large size-large wp-image-1935\" alt=\"\" srcset=\"https:\/\/iitf.at\/wp-content\/uploads\/2021\/01\/02.jpg 900w, https:\/\/iitf.at\/wp-content\/uploads\/2021\/01\/02-300x200.jpg 300w, https:\/\/iitf.at\/wp-content\/uploads\/2021\/01\/02-768x512.jpg 768w, https:\/\/iitf.at\/wp-content\/uploads\/2021\/01\/02-16x12.jpg 16w\" sizes=\"(max-width: 900px) 100vw, 900px\" \/>\t\t\t\t\t\t\t\t\t\t\t\t\t\t\t<\/div>\n\t\t\t\t<\/div>\n\t\t\t\t\t<\/div>\n\t\t<\/div>\n\t\t\t\t\t<\/div>\n\t\t<\/section>\n\t\t\t\t<\/div>","protected":false},"excerpt":{"rendered":"<p>WIR MACHEN AUSBILDUNG &#038; TRAINING Durch unsere Institutsforscher\/innen bekommen Sie didaktisch hochqualitatives Wissen vermittelt. Diese verf\u00fcgen \u00fcber Lehrerfahrung an Universit\u00e4ten und haben didaktische Ausbildungen absolviert. Der Mehrwert f\u00fcr Sie und Ihre Mitarbeiter bietet sich durch die verst\u00e4ndliche und praxisgerechte Aufbereitung wissenschaftlicher Inhalte.Durch die jahrelange Forschungsprojekterfahrung unserer Institutsforscher\/innen verstehen wir die Anforderungen aus der Praxis und&hellip;<\/p>","protected":false},"author":4,"featured_media":0,"parent":0,"menu_order":0,"comment_status":"closed","ping_status":"closed","template":"","meta":{"footnotes":""},"class_list":["post-1716","page","type-page","status-publish","hentry"],"_links":{"self":[{"href":"https:\/\/iitf.at\/en\/wp-json\/wp\/v2\/pages\/1716","targetHints":{"allow":["GET"]}}],"collection":[{"href":"https:\/\/iitf.at\/en\/wp-json\/wp\/v2\/pages"}],"about":[{"href":"https:\/\/iitf.at\/en\/wp-json\/wp\/v2\/types\/page"}],"author":[{"embeddable":true,"href":"https:\/\/iitf.at\/en\/wp-json\/wp\/v2\/users\/4"}],"replies":[{"embeddable":true,"href":"https:\/\/iitf.at\/en\/wp-json\/wp\/v2\/comments?post=1716"}],"version-history":[{"count":31,"href":"https:\/\/iitf.at\/en\/wp-json\/wp\/v2\/pages\/1716\/revisions"}],"predecessor-version":[{"id":1938,"href":"https:\/\/iitf.at\/en\/wp-json\/wp\/v2\/pages\/1716\/revisions\/1938"}],"wp:attachment":[{"href":"https:\/\/iitf.at\/en\/wp-json\/wp\/v2\/media?parent=1716"}],"curies":[{"name":"wp","href":"https:\/\/api.w.org\/{rel}","templated":true}]}}